{"id":3912,"date":"2025-12-02T11:52:42","date_gmt":"2025-12-02T11:52:42","guid":{"rendered":"https:\/\/raffix.is\/product\/tk-lighting-verto-black-led-ip54-utiljos\/"},"modified":"2026-02-18T13:31:51","modified_gmt":"2026-02-18T13:31:51","slug":"tk-lighting-verto","status":"publish","type":"product","link":"https:\/\/raffix.is\/en\/shop\/utiljos\/tk-lighting-verto\/","title":{"rendered":"TK Lighting VERTO"},"content":{"rendered":"<p>Number of light sources:<br \/>\nNumber of light sections:<br \/>\nFrame material: Plastic, Aluminum<br \/>\nFrame color: Black<br \/>\nLampshade material: Glass<br \/>\nLampshade color: Transparent<br \/>\nLight source: LED<br \/>\nLight color: Warm<br \/>\nPower supply: 230V &#8211; 50Hz<br \/>\nEnergy class: G<br \/>\nLamp style: Modern<br \/>\nDegree of protection: IP54<br \/>\nMax LED power: max 5W LED<br \/>\nDimmable: No<br \/>\nRA Factor: 80<br \/>\nCRI: &gt;80<br \/>\nProtection class: 1 protection class<br \/>\nContains a light source: Yes<br \/>\nTemperature K: 3000K<br \/>\nLuminous flux lm: 650lm<br \/>\nBulb life: 30000 h<br \/>\nType of lighting fixture: Sconce<br \/>\nManufacturer warranty: 2 years<br \/>\nLight section division: 2\/2<br \/>\nPower switch: No<br \/>\nLight beam angle: 150\u02da<br \/>\nLamp dimensions: 170 x 140 x 85 mm<br \/>\nLamp box: 100 x 150 x 175 mm<\/p>\n","protected":false},"excerpt":{"rendered":"<p>M\u00e1lspenna [V] 230V &#8211; 50Hz H\u00e1marks afl [W] 5 LED Lj\u00f3smagn [lm]: 540 Litarhitastig [K]: 3000 L\u00edft\u00edmi [h]: 30000 \u00de\u00e9ttleiki IP54 (raka\u00fe\u00e9tt) St\u00e6r\u00f0 85 \u00d7 170 \u00d7 140 mm Litur \u00e1 lj\u00f3si &#8211; svart Staur er \u00far \u00e1lbl\u00f6ndu Dimmanlegt &#8211; NO<\/p>\n","protected":false},"featured_media":3862,"template":"","meta":[],"product_brand":[],"product_cat":[76,75],"product_tag":[],"class_list":{"0":"post-3912","1":"product","2":"type-product","3":"status-publish","4":"has-post-thumbnail","6":"product_cat-utiljos","7":"product_cat-veggljos","9":"first","10":"instock","11":"shipping-taxable","12":"purchasable","13":"product-type-simple"},"aioseo_notices":[],"_links":{"self":[{"href":"https:\/\/raffix.is\/en\/wp-json\/wp\/v2\/product\/3912","targetHints":{"allow":["GET"]}}],"collection":[{"href":"https:\/\/raffix.is\/en\/wp-json\/wp\/v2\/product"}],"about":[{"href":"https:\/\/raffix.is\/en\/wp-json\/wp\/v2\/types\/product"}],"wp:featuredmedia":[{"embeddable":true,"href":"https:\/\/raffix.is\/en\/wp-json\/wp\/v2\/media\/3862"}],"wp:attachment":[{"href":"https:\/\/raffix.is\/en\/wp-json\/wp\/v2\/media?parent=3912"}],"wp:term":[{"taxonomy":"product_brand","embeddable":true,"href":"https:\/\/raffix.is\/en\/wp-json\/wp\/v2\/product_brand?post=3912"},{"taxonomy":"product_cat","embeddable":true,"href":"https:\/\/raffix.is\/en\/wp-json\/wp\/v2\/product_cat?post=3912"},{"taxonomy":"product_tag","embeddable":true,"href":"https:\/\/raffix.is\/en\/wp-json\/wp\/v2\/product_tag?post=3912"}],"curies":[{"name":"wp","href":"https:\/\/api.w.org\/{rel}","templated":true}]}}