{"id":3913,"date":"2025-12-02T11:52:42","date_gmt":"2025-12-02T11:52:42","guid":{"rendered":"https:\/\/raffix.is\/product\/tk-lighting-arwena-m-black-led-ip54-utiljos\/"},"modified":"2026-02-18T13:32:09","modified_gmt":"2026-02-18T13:32:09","slug":"tk-lighting-arwena","status":"publish","type":"product","link":"https:\/\/raffix.is\/en\/shop\/utiljos\/tk-lighting-arwena\/","title":{"rendered":"TK Lighting ARWENA \u00datilj\u00f3s"},"content":{"rendered":"<p>Number of light sources:<br \/>\nNumber of light sections:<br \/>\nFrame material: Plastic, Aluminum<br \/>\nFrame color: Black<br \/>\nLampshade material: Glass<br \/>\nLight source: LED<br \/>\nLight color: Warm<br \/>\nLamp style: Modern<br \/>\nDegree of protection: IP54<br \/>\nTemperature K: 3000K<br \/>\nManufacturer warranty: 2 years<br \/>\nDimmable: No<br \/>\nPower switch: No<br \/>\nCRI: &gt;80<br \/>\nPower supply: 230V &#8211; 50Hz<br \/>\nProtection class: 1 protection class<br \/>\nLight section division: 2\/2<br \/>\nType of lighting fixture: Sconce<br \/>\nContains a light source: Yes<br \/>\nRA Factor: 80<br \/>\nEnergy class: G<br \/>\nMax LED power: max 3W LED<br \/>\nBulb life: 30000 h<br \/>\nLuminous flux lm: 680lm<br \/>\nLight beam angle: 110\u02da<br \/>\nLampshade color: White<br \/>\nLamp dimensions: 175 x 90 x 30 mm<br \/>\nLamp box: 95 x 50 x 180 mm<\/p>\n","protected":false},"excerpt":{"rendered":"<p>M\u00e1lspenna [V] 230V H\u00e1marks afl [W] 3 LED Lj\u00f3smagn [lm]: 680 Litarhitastig [K]: 3000 L\u00edft\u00edmi [h]: 30000 \u00de\u00e9ttleiki IP54 (raka\u00fe\u00e9tt) St\u00e6r\u00f0 175 \u00d7 30 \u00d7 90 mm Litur \u00e1 lj\u00f3si &#8211; svart Vegglj\u00f3si\u00f0 er \u00far \u00e1lbl\u00f6ndu Dimmanlegt &#8211; Nei<\/p>\n","protected":false},"featured_media":3867,"template":"","meta":[],"product_brand":[],"product_cat":[76,75],"product_tag":[],"class_list":{"0":"post-3913","1":"product","2":"type-product","3":"status-publish","4":"has-post-thumbnail","6":"product_cat-utiljos","7":"product_cat-veggljos","9":"first","10":"instock","11":"shipping-taxable","12":"purchasable","13":"product-type-simple"},"aioseo_notices":[],"_links":{"self":[{"href":"https:\/\/raffix.is\/en\/wp-json\/wp\/v2\/product\/3913","targetHints":{"allow":["GET"]}}],"collection":[{"href":"https:\/\/raffix.is\/en\/wp-json\/wp\/v2\/product"}],"about":[{"href":"https:\/\/raffix.is\/en\/wp-json\/wp\/v2\/types\/product"}],"wp:featuredmedia":[{"embeddable":true,"href":"https:\/\/raffix.is\/en\/wp-json\/wp\/v2\/media\/3867"}],"wp:attachment":[{"href":"https:\/\/raffix.is\/en\/wp-json\/wp\/v2\/media?parent=3913"}],"wp:term":[{"taxonomy":"product_brand","embeddable":true,"href":"https:\/\/raffix.is\/en\/wp-json\/wp\/v2\/product_brand?post=3913"},{"taxonomy":"product_cat","embeddable":true,"href":"https:\/\/raffix.is\/en\/wp-json\/wp\/v2\/product_cat?post=3913"},{"taxonomy":"product_tag","embeddable":true,"href":"https:\/\/raffix.is\/en\/wp-json\/wp\/v2\/product_tag?post=3913"}],"curies":[{"name":"wp","href":"https:\/\/api.w.org\/{rel}","templated":true}]}}