{"id":3915,"date":"2025-12-02T11:52:42","date_gmt":"2025-12-02T11:52:42","guid":{"rendered":"https:\/\/raffix.is\/product\/tk-lighting-arius-m-black-led-ip54-utiljosstaur\/"},"modified":"2026-02-18T13:10:59","modified_gmt":"2026-02-18T13:10:59","slug":"tk-lighting-arius-m","status":"publish","type":"product","link":"https:\/\/raffix.is\/en\/shop\/utiljos\/tk-lighting-arius-m\/","title":{"rendered":"TK Lighting ARIUS M \u00datilj\u00f3sstaur"},"content":{"rendered":"<p>Number of light sources:<br \/>\nNumber of light sections:<br \/>\nFrame color: Black<br \/>\nLampshade material: Glass<br \/>\nLampshade color: Transparent<br \/>\nLight source: LED<br \/>\nPower supply: 230V &#8211; 50Hz<br \/>\nEnergy class: G<br \/>\nDegree of protection: IP54<br \/>\nProtection class: 2 protection class<br \/>\nMax LED power: max 10W LED<br \/>\nContains a light source: Yes<br \/>\nTemperature K: 3000K<br \/>\nManufacturer warranty: 2 years<br \/>\nLamp style: Modern<br \/>\nLight section division: 1\/1<br \/>\nLuminous flux lm: 480lm<br \/>\nDimmable: No<br \/>\nPower switch: No<br \/>\nCRI: &gt;80<br \/>\nRA Factor: 80<br \/>\nLight color: Warm<br \/>\nType of lighting fixture: Floor lamp<br \/>\nFrame material: Plastic, Aluminum<br \/>\nBulb life: 30000 h<br \/>\nLight beam angle: 130\u02da<br \/>\nLamp dimensions: 160 x 600 x 55 mm<br \/>\nLamp box: 170 x 615 x 75 mm<\/p>\n","protected":false},"excerpt":{"rendered":"<p>M\u00e1lspenna [V] 230V &#8211; 50Hz H\u00e1marks afl [W] 10 LED Lj\u00f3smagn [lm] 480lm Litarhitastig [K]: 3000 L\u00edft\u00edmi [h]: 30000 \u00de\u00e9ttleiki IP54 (raka\u00fe\u00e9tt) St\u00e6r\u00f0 55 \u00d7 160 \u00d7 600 mm Litur \u00e1 lj\u00f3si &#8211; svart Staur er \u00far \u00e1lbl\u00f6ndu Dimmanlegt &#8211; Nei<\/p>\n","protected":false},"featured_media":3872,"template":"","meta":[],"product_brand":[],"product_cat":[76],"product_tag":[],"class_list":{"0":"post-3915","1":"product","2":"type-product","3":"status-publish","4":"has-post-thumbnail","6":"product_cat-utiljos","8":"first","9":"instock","10":"shipping-taxable","11":"purchasable","12":"product-type-simple"},"aioseo_notices":[],"_links":{"self":[{"href":"https:\/\/raffix.is\/en\/wp-json\/wp\/v2\/product\/3915","targetHints":{"allow":["GET"]}}],"collection":[{"href":"https:\/\/raffix.is\/en\/wp-json\/wp\/v2\/product"}],"about":[{"href":"https:\/\/raffix.is\/en\/wp-json\/wp\/v2\/types\/product"}],"wp:featuredmedia":[{"embeddable":true,"href":"https:\/\/raffix.is\/en\/wp-json\/wp\/v2\/media\/3872"}],"wp:attachment":[{"href":"https:\/\/raffix.is\/en\/wp-json\/wp\/v2\/media?parent=3915"}],"wp:term":[{"taxonomy":"product_brand","embeddable":true,"href":"https:\/\/raffix.is\/en\/wp-json\/wp\/v2\/product_brand?post=3915"},{"taxonomy":"product_cat","embeddable":true,"href":"https:\/\/raffix.is\/en\/wp-json\/wp\/v2\/product_cat?post=3915"},{"taxonomy":"product_tag","embeddable":true,"href":"https:\/\/raffix.is\/en\/wp-json\/wp\/v2\/product_tag?post=3915"}],"curies":[{"name":"wp","href":"https:\/\/api.w.org\/{rel}","templated":true}]}}