{"id":6494,"date":"2025-12-31T15:48:27","date_gmt":"2025-12-31T15:48:27","guid":{"rendered":"https:\/\/lemonchiffon-gerbil-696548.hostingersite.com\/?post_type=product&#038;p=6494"},"modified":"2026-02-18T15:47:23","modified_gmt":"2026-02-18T15:47:23","slug":"kanlux-berg-dl-100-nidurgrafid-ljos","status":"publish","type":"product","link":"https:\/\/raffix.is\/en\/shop\/utiljos\/kanlux-berg-dl-100-nidurgrafid-ljos\/","title":{"rendered":"Kanlux Berg DL-100 Ni\u00f0urgrafi\u00f0 lj\u00f3s"},"content":{"rendered":"","protected":false},"excerpt":{"rendered":"","protected":false},"featured_media":6973,"template":"","meta":[],"product_brand":[],"product_cat":[76],"product_tag":[],"class_list":{"0":"post-6494","1":"product","2":"type-product","3":"status-publish","4":"has-post-thumbnail","6":"product_cat-utiljos","8":"first","9":"instock","10":"shipping-taxable","11":"purchasable","12":"product-type-simple"},"aioseo_notices":[],"_links":{"self":[{"href":"https:\/\/raffix.is\/en\/wp-json\/wp\/v2\/product\/6494","targetHints":{"allow":["GET"]}}],"collection":[{"href":"https:\/\/raffix.is\/en\/wp-json\/wp\/v2\/product"}],"about":[{"href":"https:\/\/raffix.is\/en\/wp-json\/wp\/v2\/types\/product"}],"wp:featuredmedia":[{"embeddable":true,"href":"https:\/\/raffix.is\/en\/wp-json\/wp\/v2\/media\/6973"}],"wp:attachment":[{"href":"https:\/\/raffix.is\/en\/wp-json\/wp\/v2\/media?parent=6494"}],"wp:term":[{"taxonomy":"product_brand","embeddable":true,"href":"https:\/\/raffix.is\/en\/wp-json\/wp\/v2\/product_brand?post=6494"},{"taxonomy":"product_cat","embeddable":true,"href":"https:\/\/raffix.is\/en\/wp-json\/wp\/v2\/product_cat?post=6494"},{"taxonomy":"product_tag","embeddable":true,"href":"https:\/\/raffix.is\/en\/wp-json\/wp\/v2\/product_tag?post=6494"}],"curies":[{"name":"wp","href":"https:\/\/api.w.org\/{rel}","templated":true}]}}