{"id":6526,"date":"2026-01-01T15:05:59","date_gmt":"2026-01-01T15:05:59","guid":{"rendered":"https:\/\/lemonchiffon-gerbil-696548.hostingersite.com\/?post_type=product&#038;p=6526"},"modified":"2026-02-18T16:00:21","modified_gmt":"2026-02-18T16:00:21","slug":"kanlux-dasten-gardljos-med-tengli","status":"publish","type":"product","link":"https:\/\/raffix.is\/en\/shop\/utiljos\/kanlux-dasten-gardljos-med-tengli\/","title":{"rendered":"Kanlux DASTEN gar\u00f0lj\u00f3s me\u00f0 tengli."},"content":{"rendered":"","protected":false},"excerpt":{"rendered":"","protected":false},"featured_media":7817,"template":"","meta":[],"product_brand":[],"product_cat":[76],"product_tag":[],"class_list":{"0":"post-6526","1":"product","2":"type-product","3":"status-publish","4":"has-post-thumbnail","6":"product_cat-utiljos","8":"first","9":"instock","10":"shipping-taxable","11":"purchasable","12":"product-type-simple"},"aioseo_notices":[],"_links":{"self":[{"href":"https:\/\/raffix.is\/en\/wp-json\/wp\/v2\/product\/6526","targetHints":{"allow":["GET"]}}],"collection":[{"href":"https:\/\/raffix.is\/en\/wp-json\/wp\/v2\/product"}],"about":[{"href":"https:\/\/raffix.is\/en\/wp-json\/wp\/v2\/types\/product"}],"wp:featuredmedia":[{"embeddable":true,"href":"https:\/\/raffix.is\/en\/wp-json\/wp\/v2\/media\/7817"}],"wp:attachment":[{"href":"https:\/\/raffix.is\/en\/wp-json\/wp\/v2\/media?parent=6526"}],"wp:term":[{"taxonomy":"product_brand","embeddable":true,"href":"https:\/\/raffix.is\/en\/wp-json\/wp\/v2\/product_brand?post=6526"},{"taxonomy":"product_cat","embeddable":true,"href":"https:\/\/raffix.is\/en\/wp-json\/wp\/v2\/product_cat?post=6526"},{"taxonomy":"product_tag","embeddable":true,"href":"https:\/\/raffix.is\/en\/wp-json\/wp\/v2\/product_tag?post=6526"}],"curies":[{"name":"wp","href":"https:\/\/api.w.org\/{rel}","templated":true}]}}