{"id":6570,"date":"2026-01-02T11:36:40","date_gmt":"2026-01-02T11:36:40","guid":{"rendered":"https:\/\/raffix.is\/?post_type=product&#038;p=6570"},"modified":"2026-02-18T16:25:20","modified_gmt":"2026-02-18T16:25:20","slug":"kanlux-hofduljos-maxil-accu","status":"publish","type":"product","link":"https:\/\/raffix.is\/en\/shop\/hofudljos\/kanlux-hofduljos-maxil-accu\/","title":{"rendered":"Kanlux H\u00f6f\u00f0ulj\u00f3s MAXIL ACCU"},"content":{"rendered":"<p>max 350lm<\/p>\n","protected":false},"excerpt":{"rendered":"<p>max 350lm<\/p>\n","protected":false},"featured_media":7740,"template":"","meta":[],"product_brand":[],"product_cat":[85],"product_tag":[],"class_list":{"0":"post-6570","1":"product","2":"type-product","3":"status-publish","4":"has-post-thumbnail","6":"product_cat-hofudljos","8":"first","9":"instock","10":"shipping-taxable","11":"purchasable","12":"product-type-simple"},"aioseo_notices":[],"_links":{"self":[{"href":"https:\/\/raffix.is\/en\/wp-json\/wp\/v2\/product\/6570","targetHints":{"allow":["GET"]}}],"collection":[{"href":"https:\/\/raffix.is\/en\/wp-json\/wp\/v2\/product"}],"about":[{"href":"https:\/\/raffix.is\/en\/wp-json\/wp\/v2\/types\/product"}],"wp:featuredmedia":[{"embeddable":true,"href":"https:\/\/raffix.is\/en\/wp-json\/wp\/v2\/media\/7740"}],"wp:attachment":[{"href":"https:\/\/raffix.is\/en\/wp-json\/wp\/v2\/media?parent=6570"}],"wp:term":[{"taxonomy":"product_brand","embeddable":true,"href":"https:\/\/raffix.is\/en\/wp-json\/wp\/v2\/product_brand?post=6570"},{"taxonomy":"product_cat","embeddable":true,"href":"https:\/\/raffix.is\/en\/wp-json\/wp\/v2\/product_cat?post=6570"},{"taxonomy":"product_tag","embeddable":true,"href":"https:\/\/raffix.is\/en\/wp-json\/wp\/v2\/product_tag?post=6570"}],"curies":[{"name":"wp","href":"https:\/\/api.w.org\/{rel}","templated":true}]}}