{"id":6598,"date":"2026-01-02T17:29:31","date_gmt":"2026-01-02T17:29:31","guid":{"rendered":"https:\/\/raffix.is\/?post_type=product&#038;p=6598"},"modified":"2026-02-18T16:47:04","modified_gmt":"2026-02-18T16:47:04","slug":"kanlux-lcob-led-borda-tvofalt-innatengi","status":"publish","type":"product","link":"https:\/\/raffix.is\/en\/shop\/led-bordar-og-fylgihlutir\/led-bordar\/kanlux-lcob-led-borda-tvofalt-innatengi\/","title":{"rendered":"Kanlux LCOB Led bor\u00f0a tv\u00f6falt inn\u00e1tengi"},"content":{"rendered":"","protected":false},"excerpt":{"rendered":"","protected":false},"featured_media":7802,"template":"","meta":[],"product_brand":[],"product_cat":[79],"product_tag":[],"class_list":{"0":"post-6598","1":"product","2":"type-product","3":"status-publish","4":"has-post-thumbnail","6":"product_cat-led-bordar","8":"first","9":"instock","10":"shipping-taxable","11":"purchasable","12":"product-type-simple"},"aioseo_notices":[],"_links":{"self":[{"href":"https:\/\/raffix.is\/en\/wp-json\/wp\/v2\/product\/6598","targetHints":{"allow":["GET"]}}],"collection":[{"href":"https:\/\/raffix.is\/en\/wp-json\/wp\/v2\/product"}],"about":[{"href":"https:\/\/raffix.is\/en\/wp-json\/wp\/v2\/types\/product"}],"wp:featuredmedia":[{"embeddable":true,"href":"https:\/\/raffix.is\/en\/wp-json\/wp\/v2\/media\/7802"}],"wp:attachment":[{"href":"https:\/\/raffix.is\/en\/wp-json\/wp\/v2\/media?parent=6598"}],"wp:term":[{"taxonomy":"product_brand","embeddable":true,"href":"https:\/\/raffix.is\/en\/wp-json\/wp\/v2\/product_brand?post=6598"},{"taxonomy":"product_cat","embeddable":true,"href":"https:\/\/raffix.is\/en\/wp-json\/wp\/v2\/product_cat?post=6598"},{"taxonomy":"product_tag","embeddable":true,"href":"https:\/\/raffix.is\/en\/wp-json\/wp\/v2\/product_tag?post=6598"}],"curies":[{"name":"wp","href":"https:\/\/api.w.org\/{rel}","templated":true}]}}