{"id":6717,"date":"2026-01-04T11:28:44","date_gmt":"2026-01-04T11:28:44","guid":{"rendered":"https:\/\/raffix.is\/?post_type=product&#038;p=6717"},"modified":"2026-02-18T17:56:56","modified_gmt":"2026-02-18T17:56:56","slug":"kanlux-plasthlif-a-alprofill-profilo-j-k-frosted-2m","status":"publish","type":"product","link":"https:\/\/raffix.is\/en\/shop\/led-bordar-og-fylgihlutir\/profilar\/kanlux-plasthlif-a-alprofill-profilo-j-k-frosted-2m\/","title":{"rendered":"Kanlux Plasthl\u00edf \u00e1 \u00c1lpr\u00f3fill PROFILO J\/K Frosted 2m"},"content":{"rendered":"","protected":false},"excerpt":{"rendered":"","protected":false},"featured_media":7150,"template":"","meta":[],"product_brand":[],"product_cat":[94],"product_tag":[],"class_list":{"0":"post-6717","1":"product","2":"type-product","3":"status-publish","4":"has-post-thumbnail","6":"product_cat-profilar","8":"first","9":"instock","10":"shipping-taxable","11":"purchasable","12":"product-type-simple"},"aioseo_notices":[],"_links":{"self":[{"href":"https:\/\/raffix.is\/en\/wp-json\/wp\/v2\/product\/6717","targetHints":{"allow":["GET"]}}],"collection":[{"href":"https:\/\/raffix.is\/en\/wp-json\/wp\/v2\/product"}],"about":[{"href":"https:\/\/raffix.is\/en\/wp-json\/wp\/v2\/types\/product"}],"wp:featuredmedia":[{"embeddable":true,"href":"https:\/\/raffix.is\/en\/wp-json\/wp\/v2\/media\/7150"}],"wp:attachment":[{"href":"https:\/\/raffix.is\/en\/wp-json\/wp\/v2\/media?parent=6717"}],"wp:term":[{"taxonomy":"product_brand","embeddable":true,"href":"https:\/\/raffix.is\/en\/wp-json\/wp\/v2\/product_brand?post=6717"},{"taxonomy":"product_cat","embeddable":true,"href":"https:\/\/raffix.is\/en\/wp-json\/wp\/v2\/product_cat?post=6717"},{"taxonomy":"product_tag","embeddable":true,"href":"https:\/\/raffix.is\/en\/wp-json\/wp\/v2\/product_tag?post=6717"}],"curies":[{"name":"wp","href":"https:\/\/api.w.org\/{rel}","templated":true}]}}