{"id":6718,"date":"2026-01-04T11:29:10","date_gmt":"2026-01-04T11:29:10","guid":{"rendered":"https:\/\/raffix.is\/?post_type=product&#038;p=6718"},"modified":"2026-02-18T17:57:26","modified_gmt":"2026-02-18T17:57:26","slug":"kanlux-plasthlif-a-alprofill-profilo-j-k-hvitt-2m","status":"publish","type":"product","link":"https:\/\/raffix.is\/en\/shop\/led-bordar-og-fylgihlutir\/profilar\/kanlux-plasthlif-a-alprofill-profilo-j-k-hvitt-2m\/","title":{"rendered":"Kanlux Plasthl\u00edf \u00e1 \u00c1lpr\u00f3fill PROFILO J\/K Hv\u00edtt 2m"},"content":{"rendered":"","protected":false},"excerpt":{"rendered":"","protected":false},"featured_media":7151,"template":"","meta":[],"product_brand":[],"product_cat":[94],"product_tag":[],"class_list":{"0":"post-6718","1":"product","2":"type-product","3":"status-publish","4":"has-post-thumbnail","6":"product_cat-profilar","8":"first","9":"instock","10":"shipping-taxable","11":"purchasable","12":"product-type-simple"},"aioseo_notices":[],"_links":{"self":[{"href":"https:\/\/raffix.is\/en\/wp-json\/wp\/v2\/product\/6718","targetHints":{"allow":["GET"]}}],"collection":[{"href":"https:\/\/raffix.is\/en\/wp-json\/wp\/v2\/product"}],"about":[{"href":"https:\/\/raffix.is\/en\/wp-json\/wp\/v2\/types\/product"}],"wp:featuredmedia":[{"embeddable":true,"href":"https:\/\/raffix.is\/en\/wp-json\/wp\/v2\/media\/7151"}],"wp:attachment":[{"href":"https:\/\/raffix.is\/en\/wp-json\/wp\/v2\/media?parent=6718"}],"wp:term":[{"taxonomy":"product_brand","embeddable":true,"href":"https:\/\/raffix.is\/en\/wp-json\/wp\/v2\/product_brand?post=6718"},{"taxonomy":"product_cat","embeddable":true,"href":"https:\/\/raffix.is\/en\/wp-json\/wp\/v2\/product_cat?post=6718"},{"taxonomy":"product_tag","embeddable":true,"href":"https:\/\/raffix.is\/en\/wp-json\/wp\/v2\/product_tag?post=6718"}],"curies":[{"name":"wp","href":"https:\/\/api.w.org\/{rel}","templated":true}]}}