{"id":6773,"date":"2026-01-04T18:31:06","date_gmt":"2026-01-04T18:31:06","guid":{"rendered":"https:\/\/raffix.is\/?post_type=product&#038;p=6773"},"modified":"2026-02-18T18:11:45","modified_gmt":"2026-02-18T18:11:45","slug":"kanlux-thradlaus-fjarstyring-a-led-dimmer","status":"publish","type":"product","link":"https:\/\/raffix.is\/en\/shop\/led-bordar-og-fylgihlutir\/kanlux-thradlaus-fjarstyring-a-led-dimmer\/","title":{"rendered":"Kanlux \u00fer\u00e1\u00f0laus fjarst\u00fdring \u00e1 led dimmer"},"content":{"rendered":"","protected":false},"excerpt":{"rendered":"","protected":false},"featured_media":6993,"template":"","meta":[],"product_brand":[],"product_cat":[93],"product_tag":[],"class_list":{"0":"post-6773","1":"product","2":"type-product","3":"status-publish","4":"has-post-thumbnail","6":"product_cat-led-bordar-og-fylgihlutir","8":"first","9":"instock","10":"shipping-taxable","11":"purchasable","12":"product-type-simple"},"aioseo_notices":[],"_links":{"self":[{"href":"https:\/\/raffix.is\/en\/wp-json\/wp\/v2\/product\/6773","targetHints":{"allow":["GET"]}}],"collection":[{"href":"https:\/\/raffix.is\/en\/wp-json\/wp\/v2\/product"}],"about":[{"href":"https:\/\/raffix.is\/en\/wp-json\/wp\/v2\/types\/product"}],"wp:featuredmedia":[{"embeddable":true,"href":"https:\/\/raffix.is\/en\/wp-json\/wp\/v2\/media\/6993"}],"wp:attachment":[{"href":"https:\/\/raffix.is\/en\/wp-json\/wp\/v2\/media?parent=6773"}],"wp:term":[{"taxonomy":"product_brand","embeddable":true,"href":"https:\/\/raffix.is\/en\/wp-json\/wp\/v2\/product_brand?post=6773"},{"taxonomy":"product_cat","embeddable":true,"href":"https:\/\/raffix.is\/en\/wp-json\/wp\/v2\/product_cat?post=6773"},{"taxonomy":"product_tag","embeddable":true,"href":"https:\/\/raffix.is\/en\/wp-json\/wp\/v2\/product_tag?post=6773"}],"curies":[{"name":"wp","href":"https:\/\/api.w.org\/{rel}","templated":true}]}}