{"id":8248,"date":"2026-02-18T12:45:55","date_gmt":"2026-02-18T12:45:55","guid":{"rendered":"https:\/\/raffix.is\/?post_type=product&#038;p=8248"},"modified":"2026-02-18T18:16:36","modified_gmt":"2026-02-18T18:16:36","slug":"provero-led-bordi-sauna-endaherpiholkur-glaer","status":"publish","type":"product","link":"https:\/\/raffix.is\/en\/shop\/led-bordar-og-fylgihlutir\/led-bordar\/provero-led-bordi-sauna-endaherpiholkur-glaer\/","title":{"rendered":"Provero Led bor\u00f0i Sauna Endaherpih\u00f3lkur gl\u00e6r"},"content":{"rendered":"","protected":false},"excerpt":{"rendered":"","protected":false},"featured_media":0,"template":"","meta":[],"product_brand":[],"product_cat":[79],"product_tag":[],"class_list":{"0":"post-8248","1":"product","2":"type-product","3":"status-publish","5":"product_cat-led-bordar","7":"first","8":"instock","9":"shipping-taxable","10":"purchasable","11":"product-type-simple"},"aioseo_notices":[],"_links":{"self":[{"href":"https:\/\/raffix.is\/en\/wp-json\/wp\/v2\/product\/8248","targetHints":{"allow":["GET"]}}],"collection":[{"href":"https:\/\/raffix.is\/en\/wp-json\/wp\/v2\/product"}],"about":[{"href":"https:\/\/raffix.is\/en\/wp-json\/wp\/v2\/types\/product"}],"wp:attachment":[{"href":"https:\/\/raffix.is\/en\/wp-json\/wp\/v2\/media?parent=8248"}],"wp:term":[{"taxonomy":"product_brand","embeddable":true,"href":"https:\/\/raffix.is\/en\/wp-json\/wp\/v2\/product_brand?post=8248"},{"taxonomy":"product_cat","embeddable":true,"href":"https:\/\/raffix.is\/en\/wp-json\/wp\/v2\/product_cat?post=8248"},{"taxonomy":"product_tag","embeddable":true,"href":"https:\/\/raffix.is\/en\/wp-json\/wp\/v2\/product_tag?post=8248"}],"curies":[{"name":"wp","href":"https:\/\/api.w.org\/{rel}","templated":true}]}}