{"id":8318,"date":"2026-02-19T18:40:06","date_gmt":"2026-02-19T18:40:06","guid":{"rendered":"https:\/\/raffix.is\/?post_type=product&#038;p=8318"},"modified":"2026-03-29T21:22:54","modified_gmt":"2026-03-29T21:22:54","slug":"kanlux-tear-3fasa-kastarabraut-millistykki-i-hangandi-ljos-hvitt","status":"publish","type":"product","link":"https:\/\/raffix.is\/en\/shop\/inniljos\/brautarljos\/kanlux-tear-3fasa-kastarabraut-millistykki-i-hangandi-ljos-hvitt\/","title":{"rendered":"Kanlux TEAR 3fasa kastarabraut millistykki \u00ed hangandi lj\u00f3s. Hv\u00edtt"},"content":{"rendered":"","protected":false},"excerpt":{"rendered":"","protected":false},"featured_media":8752,"template":"","meta":[],"product_brand":[],"product_cat":[91,73],"product_tag":[],"class_list":{"0":"post-8318","1":"product","2":"type-product","3":"status-publish","4":"has-post-thumbnail","6":"product_cat-brautarljos","7":"product_cat-hangandi-ljos","9":"first","10":"instock","11":"shipping-taxable","12":"purchasable","13":"product-type-simple"},"aioseo_notices":[],"_links":{"self":[{"href":"https:\/\/raffix.is\/en\/wp-json\/wp\/v2\/product\/8318","targetHints":{"allow":["GET"]}}],"collection":[{"href":"https:\/\/raffix.is\/en\/wp-json\/wp\/v2\/product"}],"about":[{"href":"https:\/\/raffix.is\/en\/wp-json\/wp\/v2\/types\/product"}],"wp:featuredmedia":[{"embeddable":true,"href":"https:\/\/raffix.is\/en\/wp-json\/wp\/v2\/media\/8752"}],"wp:attachment":[{"href":"https:\/\/raffix.is\/en\/wp-json\/wp\/v2\/media?parent=8318"}],"wp:term":[{"taxonomy":"product_brand","embeddable":true,"href":"https:\/\/raffix.is\/en\/wp-json\/wp\/v2\/product_brand?post=8318"},{"taxonomy":"product_cat","embeddable":true,"href":"https:\/\/raffix.is\/en\/wp-json\/wp\/v2\/product_cat?post=8318"},{"taxonomy":"product_tag","embeddable":true,"href":"https:\/\/raffix.is\/en\/wp-json\/wp\/v2\/product_tag?post=8318"}],"curies":[{"name":"wp","href":"https:\/\/api.w.org\/{rel}","templated":true}]}}