{"id":8326,"date":"2026-02-22T11:03:25","date_gmt":"2026-02-22T11:03:25","guid":{"rendered":"https:\/\/raffix.is\/?post_type=product&#038;p=8326"},"modified":"2026-02-22T11:05:12","modified_gmt":"2026-02-22T11:05:12","slug":"fif-gleroryggi-160ma-fast","status":"publish","type":"product","link":"https:\/\/raffix.is\/en\/shop\/rafbunadur\/fif-gleroryggi-160ma-fast\/","title":{"rendered":"FiF Gler\u00f6ryggi 160mA fast."},"content":{"rendered":"","protected":false},"excerpt":{"rendered":"<p>\u00d6ryggi &#8211; hra\u00f0virkt 160mA<\/p>\n","protected":false},"featured_media":0,"template":"","meta":[],"product_brand":[],"product_cat":[84,80],"product_tag":[],"class_list":{"0":"post-8326","1":"product","2":"type-product","3":"status-publish","5":"product_cat-rafbunadur","6":"product_cat-toflubunadur","8":"first","9":"instock","10":"shipping-taxable","11":"purchasable","12":"product-type-simple"},"aioseo_notices":[],"_links":{"self":[{"href":"https:\/\/raffix.is\/en\/wp-json\/wp\/v2\/product\/8326","targetHints":{"allow":["GET"]}}],"collection":[{"href":"https:\/\/raffix.is\/en\/wp-json\/wp\/v2\/product"}],"about":[{"href":"https:\/\/raffix.is\/en\/wp-json\/wp\/v2\/types\/product"}],"wp:attachment":[{"href":"https:\/\/raffix.is\/en\/wp-json\/wp\/v2\/media?parent=8326"}],"wp:term":[{"taxonomy":"product_brand","embeddable":true,"href":"https:\/\/raffix.is\/en\/wp-json\/wp\/v2\/product_brand?post=8326"},{"taxonomy":"product_cat","embeddable":true,"href":"https:\/\/raffix.is\/en\/wp-json\/wp\/v2\/product_cat?post=8326"},{"taxonomy":"product_tag","embeddable":true,"href":"https:\/\/raffix.is\/en\/wp-json\/wp\/v2\/product_tag?post=8326"}],"curies":[{"name":"wp","href":"https:\/\/api.w.org\/{rel}","templated":true}]}}