{"id":8327,"date":"2026-02-22T11:13:17","date_gmt":"2026-02-22T11:13:17","guid":{"rendered":"https:\/\/raffix.is\/?post_type=product&#038;p=8327"},"modified":"2026-03-02T11:37:20","modified_gmt":"2026-03-02T11:37:20","slug":"fif-gleroryggjahus-1-oryggi-i63a","status":"publish","type":"product","link":"https:\/\/raffix.is\/en\/shop\/toflubunadur\/fif-gleroryggjahus-1-oryggi-i63a\/","title":{"rendered":"FiF Gler\u00f6ryggjah\u00fas 1 \u00f6ryggi. I=6,3A"},"content":{"rendered":"<p>Functioning<br \/>\nFuse actuation (blowing of fuse link) is signalled by a red LED.<\/p>\n<p><b>Attention!<br \/>\n<\/b>With DC power supply, proper polarity of the connection is of importance since otherwise the LED shall not signal the fuse actuation.<\/p>\n","protected":false},"excerpt":{"rendered":"<p>One-socket.<br \/>\nFuse mreceiver modules serve as a security device for electric receivers against current increase over the nominal current value for the secured.<\/p>\n","protected":false},"featured_media":8651,"template":"","meta":[],"product_brand":[],"product_cat":[80],"product_tag":[],"class_list":{"0":"post-8327","1":"product","2":"type-product","3":"status-publish","4":"has-post-thumbnail","6":"product_cat-toflubunadur","8":"first","9":"instock","10":"shipping-taxable","11":"purchasable","12":"product-type-simple"},"aioseo_notices":[],"_links":{"self":[{"href":"https:\/\/raffix.is\/en\/wp-json\/wp\/v2\/product\/8327","targetHints":{"allow":["GET"]}}],"collection":[{"href":"https:\/\/raffix.is\/en\/wp-json\/wp\/v2\/product"}],"about":[{"href":"https:\/\/raffix.is\/en\/wp-json\/wp\/v2\/types\/product"}],"wp:featuredmedia":[{"embeddable":true,"href":"https:\/\/raffix.is\/en\/wp-json\/wp\/v2\/media\/8651"}],"wp:attachment":[{"href":"https:\/\/raffix.is\/en\/wp-json\/wp\/v2\/media?parent=8327"}],"wp:term":[{"taxonomy":"product_brand","embeddable":true,"href":"https:\/\/raffix.is\/en\/wp-json\/wp\/v2\/product_brand?post=8327"},{"taxonomy":"product_cat","embeddable":true,"href":"https:\/\/raffix.is\/en\/wp-json\/wp\/v2\/product_cat?post=8327"},{"taxonomy":"product_tag","embeddable":true,"href":"https:\/\/raffix.is\/en\/wp-json\/wp\/v2\/product_tag?post=8327"}],"curies":[{"name":"wp","href":"https:\/\/api.w.org\/{rel}","templated":true}]}}