{"id":8333,"date":"2026-02-22T12:06:14","date_gmt":"2026-02-22T12:06:14","guid":{"rendered":"https:\/\/raffix.is\/?post_type=product&#038;p=8333"},"modified":"2026-03-02T10:00:36","modified_gmt":"2026-03-02T10:00:36","slug":"fif-hjalparsnerta-a-spolurofa","status":"publish","type":"product","link":"https:\/\/raffix.is\/en\/shop\/toflubunadur\/fif-hjalparsnerta-a-spolurofa\/","title":{"rendered":"FiF Hj\u00e1lparsnerta \u00e1 sp\u00f3lurofa"},"content":{"rendered":"<dl class=\"data-sheet\">\n<dt class=\"name\">Load capacity of main contacts<\/dt>\n<dt class=\"name\">AC-12 (240 V AC): 5 A; AC-15 (230 V AC): 2 A; DC-1 (130 V DC): 1 A;<\/dt>\n<\/dl>\n","protected":false},"excerpt":{"rendered":"<p>Extension of the ST series contactors<\/p>\n","protected":false},"featured_media":8610,"template":"","meta":[],"product_brand":[],"product_cat":[80],"product_tag":[],"class_list":{"0":"post-8333","1":"product","2":"type-product","3":"status-publish","4":"has-post-thumbnail","6":"product_cat-toflubunadur","8":"first","9":"instock","10":"shipping-taxable","11":"purchasable","12":"product-type-variable"},"aioseo_notices":[],"_links":{"self":[{"href":"https:\/\/raffix.is\/en\/wp-json\/wp\/v2\/product\/8333","targetHints":{"allow":["GET"]}}],"collection":[{"href":"https:\/\/raffix.is\/en\/wp-json\/wp\/v2\/product"}],"about":[{"href":"https:\/\/raffix.is\/en\/wp-json\/wp\/v2\/types\/product"}],"wp:featuredmedia":[{"embeddable":true,"href":"https:\/\/raffix.is\/en\/wp-json\/wp\/v2\/media\/8610"}],"wp:attachment":[{"href":"https:\/\/raffix.is\/en\/wp-json\/wp\/v2\/media?parent=8333"}],"wp:term":[{"taxonomy":"product_brand","embeddable":true,"href":"https:\/\/raffix.is\/en\/wp-json\/wp\/v2\/product_brand?post=8333"},{"taxonomy":"product_cat","embeddable":true,"href":"https:\/\/raffix.is\/en\/wp-json\/wp\/v2\/product_cat?post=8333"},{"taxonomy":"product_tag","embeddable":true,"href":"https:\/\/raffix.is\/en\/wp-json\/wp\/v2\/product_tag?post=8333"}],"curies":[{"name":"wp","href":"https:\/\/api.w.org\/{rel}","templated":true}]}}