{"id":8365,"date":"2026-02-22T15:57:14","date_gmt":"2026-02-22T15:57:14","guid":{"rendered":"https:\/\/raffix.is\/?post_type=product&#038;p=8365"},"modified":"2026-03-01T20:25:08","modified_gmt":"2026-03-01T20:25:08","slug":"fif-rafeindaspola-i-rofados-fyrir-led-ljos-on-off-16a","status":"publish","type":"product","link":"https:\/\/raffix.is\/en\/shop\/rafbunadur\/fif-rafeindaspola-i-rofados-fyrir-led-ljos-on-off-16a\/","title":{"rendered":"FiF rafeindasp\u00f3la \u00ed rofad\u00f3s fyrir LED lj\u00f3s. ON\/OFF 16A"},"content":{"rendered":"<p><b>The &#8220;LED&#8221; version of the relay is equipped with a contact designed to cooperate with receivers with high starting current, such as: LED fluorescent lamps, ESL\u00a0 fluorescent lamps, electronic transformers, discharge lamps, etc.<\/b><\/p>\n<p>Functioning<br \/>\nApplying the supply voltage to terminals 1-3 will switch the relay on (closing the contact between terminals 5-6). When the supply voltage is lost, the contact is open.<br \/>\nThe relay coil is supplied with 230 V, the relay contacts are galvanically separated from the relay coil supply.<br \/>\nTable for loads supplied with 230 V AC:<br \/>\n<img decoding=\"async\" src=\"https:\/\/www.fif.com.pl\/img\/cms\/schematy\/przekazniki\/PP-1Z-LED%20Pico-EN-tabela-mocy.jpg\" alt=\"\" width=\"400\" height=\"82\" \/><\/p>\n<p>The above data are indicative and will heavily depend on the design of a specific receiver (that is especially important for LED bulbs, energy-saving lamps, electronic transformers and<br \/>\npulse power supply units), switching frequency and operating conditions.<\/p>\n","protected":false},"excerpt":{"rendered":"<p>Electromagnetic relay in housing for direct installation in flush-mounted fi60 box.<\/p>\n","protected":false},"featured_media":8543,"template":"","meta":[],"product_brand":[],"product_cat":[84,80],"product_tag":[],"class_list":{"0":"post-8365","1":"product","2":"type-product","3":"status-publish","4":"has-post-thumbnail","6":"product_cat-rafbunadur","7":"product_cat-toflubunadur","9":"first","10":"instock","11":"shipping-taxable","12":"purchasable","13":"product-type-simple"},"aioseo_notices":[],"_links":{"self":[{"href":"https:\/\/raffix.is\/en\/wp-json\/wp\/v2\/product\/8365","targetHints":{"allow":["GET"]}}],"collection":[{"href":"https:\/\/raffix.is\/en\/wp-json\/wp\/v2\/product"}],"about":[{"href":"https:\/\/raffix.is\/en\/wp-json\/wp\/v2\/types\/product"}],"wp:featuredmedia":[{"embeddable":true,"href":"https:\/\/raffix.is\/en\/wp-json\/wp\/v2\/media\/8543"}],"wp:attachment":[{"href":"https:\/\/raffix.is\/en\/wp-json\/wp\/v2\/media?parent=8365"}],"wp:term":[{"taxonomy":"product_brand","embeddable":true,"href":"https:\/\/raffix.is\/en\/wp-json\/wp\/v2\/product_brand?post=8365"},{"taxonomy":"product_cat","embeddable":true,"href":"https:\/\/raffix.is\/en\/wp-json\/wp\/v2\/product_cat?post=8365"},{"taxonomy":"product_tag","embeddable":true,"href":"https:\/\/raffix.is\/en\/wp-json\/wp\/v2\/product_tag?post=8365"}],"curies":[{"name":"wp","href":"https:\/\/api.w.org\/{rel}","templated":true}]}}