{"id":8369,"date":"2026-02-22T16:08:53","date_gmt":"2026-02-22T16:08:53","guid":{"rendered":"https:\/\/raffix.is\/?post_type=product&#038;p=8369"},"modified":"2026-03-01T20:34:24","modified_gmt":"2026-03-01T20:34:24","slug":"fif-skiptirofi-snuin-milli-rafveitur-rafstod-4pola","status":"publish","type":"product","link":"https:\/\/raffix.is\/en\/shop\/toflubunadur\/fif-skiptirofi-snuin-milli-rafveitur-rafstod-4pola\/","title":{"rendered":"FiF Skiptirofi sn\u00fain milli rafveitur\/rafst\u00f6\u00f0 4p\u00f3la"},"content":{"rendered":"<p>Modular network-generator installation switches implement the 1-0-2 switching program, which makes it possible, for example, to connect one of two input lines to the output or completely disconnect the circuits. The switch contacts function as a disconnector, so it is possible to switch to the rated load current.<\/p>\n","protected":false},"excerpt":{"rendered":"<p>4-pole, rotary, modular mains-aggregate switch<\/p>\n","protected":false},"featured_media":8561,"template":"","meta":[],"product_brand":[],"product_cat":[80],"product_tag":[],"class_list":{"0":"post-8369","1":"product","2":"type-product","3":"status-publish","4":"has-post-thumbnail","6":"product_cat-toflubunadur","8":"first","9":"instock","10":"shipping-taxable","11":"purchasable","12":"product-type-variable"},"aioseo_notices":[],"_links":{"self":[{"href":"https:\/\/raffix.is\/en\/wp-json\/wp\/v2\/product\/8369","targetHints":{"allow":["GET"]}}],"collection":[{"href":"https:\/\/raffix.is\/en\/wp-json\/wp\/v2\/product"}],"about":[{"href":"https:\/\/raffix.is\/en\/wp-json\/wp\/v2\/types\/product"}],"wp:featuredmedia":[{"embeddable":true,"href":"https:\/\/raffix.is\/en\/wp-json\/wp\/v2\/media\/8561"}],"wp:attachment":[{"href":"https:\/\/raffix.is\/en\/wp-json\/wp\/v2\/media?parent=8369"}],"wp:term":[{"taxonomy":"product_brand","embeddable":true,"href":"https:\/\/raffix.is\/en\/wp-json\/wp\/v2\/product_brand?post=8369"},{"taxonomy":"product_cat","embeddable":true,"href":"https:\/\/raffix.is\/en\/wp-json\/wp\/v2\/product_cat?post=8369"},{"taxonomy":"product_tag","embeddable":true,"href":"https:\/\/raffix.is\/en\/wp-json\/wp\/v2\/product_tag?post=8369"}],"curies":[{"name":"wp","href":"https:\/\/api.w.org\/{rel}","templated":true}]}}