{"id":8372,"date":"2026-02-22T16:11:05","date_gmt":"2026-02-22T16:11:05","guid":{"rendered":"https:\/\/raffix.is\/?post_type=product&#038;p=8372"},"modified":"2026-03-01T20:38:01","modified_gmt":"2026-03-01T20:38:01","slug":"fif-skiptirofi-snuin-milli-rafveitur-rafstod-4pola-63a-sjalfvirkur","status":"publish","type":"product","link":"https:\/\/raffix.is\/en\/shop\/toflubunadur\/fif-skiptirofi-snuin-milli-rafveitur-rafstod-4pola-63a-sjalfvirkur\/","title":{"rendered":"FiF Skiptirofi sn\u00fain milli rafveitur\/rafst\u00f6\u00f0 4p\u00f3la 63A sj\u00e1lfvirkur"},"content":{"rendered":"<p><strong>Operation:<\/strong><\/p>\n<p>The PSR-463-AUTO automatically switches the power supply between the main and auxiliary mains, e.g. between two supply lines or between a supply line and a generator, ensuring continuity of equipment operation. It is designed for operation on AC 50\/60 Hz networks with a voltage of 230\/400 V. It can handle currents up to 63 A.<\/p>\n<p><b>Features:<\/b><\/p>\n<ul>\n<li>Independent control system and execution mechanism.<\/li>\n<li>Mechanical interlock protection to prevent simultaneous switching on of both power sources.<\/li>\n<li>With extensive functionality:\n<ul>\n<li>Control of an external generator;<\/li>\n<li>Operation with fire switches;<\/li>\n<li>Voltage monitoring;<\/li>\n<li>Operating status indication;<\/li>\n<\/ul>\n<\/li>\n<li>Possibility to operate in\u00a0<b>Auto<\/b>\u00a0or\u00a0<b>Manual<\/b>\u00a0mode.<\/li>\n<li>Indicator lights for main power, emergency power and status of circuit breakers.<\/li>\n<li>Output ports for alarm signals and external control.<\/li>\n<li>Safe switching between main and emergency power supply.<\/li>\n<li>Easy integration into existing installations.<\/li>\n<\/ul>\n","protected":false},"excerpt":{"rendered":"<p>The automatic switch is used for automatic and manual switching between two 3-phase supply lines or, for example, a supply line and a generator. Supported current up to 63A.<\/p>\n","protected":false},"featured_media":8562,"template":"","meta":[],"product_brand":[],"product_cat":[80],"product_tag":[],"class_list":{"0":"post-8372","1":"product","2":"type-product","3":"status-publish","4":"has-post-thumbnail","6":"product_cat-toflubunadur","8":"first","9":"instock","10":"shipping-taxable","11":"purchasable","12":"product-type-simple"},"aioseo_notices":[],"_links":{"self":[{"href":"https:\/\/raffix.is\/en\/wp-json\/wp\/v2\/product\/8372","targetHints":{"allow":["GET"]}}],"collection":[{"href":"https:\/\/raffix.is\/en\/wp-json\/wp\/v2\/product"}],"about":[{"href":"https:\/\/raffix.is\/en\/wp-json\/wp\/v2\/types\/product"}],"wp:featuredmedia":[{"embeddable":true,"href":"https:\/\/raffix.is\/en\/wp-json\/wp\/v2\/media\/8562"}],"wp:attachment":[{"href":"https:\/\/raffix.is\/en\/wp-json\/wp\/v2\/media?parent=8372"}],"wp:term":[{"taxonomy":"product_brand","embeddable":true,"href":"https:\/\/raffix.is\/en\/wp-json\/wp\/v2\/product_brand?post=8372"},{"taxonomy":"product_cat","embeddable":true,"href":"https:\/\/raffix.is\/en\/wp-json\/wp\/v2\/product_cat?post=8372"},{"taxonomy":"product_tag","embeddable":true,"href":"https:\/\/raffix.is\/en\/wp-json\/wp\/v2\/product_tag?post=8372"}],"curies":[{"name":"wp","href":"https:\/\/api.w.org\/{rel}","templated":true}]}}