{"id":8387,"date":"2026-02-23T08:34:31","date_gmt":"2026-02-23T08:34:31","guid":{"rendered":"https:\/\/raffix.is\/?post_type=product&#038;p=8387"},"modified":"2026-03-01T20:18:42","modified_gmt":"2026-03-01T20:18:42","slug":"fif-spola-i-rofados-fyrir-led-ljos-on-off-16a","status":"publish","type":"product","link":"https:\/\/raffix.is\/en\/shop\/rafbunadur\/fif-spola-i-rofados-fyrir-led-ljos-on-off-16a\/","title":{"rendered":"FiF sp\u00f3la \u00ed rofad\u00f3s fyrir LED lj\u00f3s. ON\/OFF 16A"},"content":{"rendered":"<p><b>Functioning<\/b><br \/>\nThe receiver is after the current pulse caused by pressing any (bell) connected to the relay. Exclusion the receiver will be the next pulse.<br \/>\nThe relay does not have a &#8220;memory&#8221; of the contact position, ie. in the case of power failure and the subsequent return, contact the relay will be set in the off.<br \/>\nThis prevents the automatic switching of loads without supervision after a prolonged power failure.<\/p>\n","protected":false},"excerpt":{"rendered":"<p>Electronic bistable impulse relay allows switching of lighting or other equipment from several different points of using the control buttons are connected in parallel.<br \/>\nRelay version &#8220;i&#8221; is to pin adapted to cooperate with the receivers with high starting current, such as LED fluorescent lamps, ESL fluorescent lamps, electronic transformers, discharge lamps, etc.<br \/>\nPower supply 230 V AC.\u00a0Maximum load 16 A (160 A\/20 ms). To under plaster box \u00d860. Can be used with backlit buttons.<\/p>\n","protected":false},"featured_media":8532,"template":"","meta":[],"product_brand":[],"product_cat":[84,80],"product_tag":[],"class_list":{"0":"post-8387","1":"product","2":"type-product","3":"status-publish","4":"has-post-thumbnail","6":"product_cat-rafbunadur","7":"product_cat-toflubunadur","9":"first","10":"instock","11":"shipping-taxable","12":"purchasable","13":"product-type-simple"},"aioseo_notices":[],"_links":{"self":[{"href":"https:\/\/raffix.is\/en\/wp-json\/wp\/v2\/product\/8387","targetHints":{"allow":["GET"]}}],"collection":[{"href":"https:\/\/raffix.is\/en\/wp-json\/wp\/v2\/product"}],"about":[{"href":"https:\/\/raffix.is\/en\/wp-json\/wp\/v2\/types\/product"}],"wp:featuredmedia":[{"embeddable":true,"href":"https:\/\/raffix.is\/en\/wp-json\/wp\/v2\/media\/8532"}],"wp:attachment":[{"href":"https:\/\/raffix.is\/en\/wp-json\/wp\/v2\/media?parent=8387"}],"wp:term":[{"taxonomy":"product_brand","embeddable":true,"href":"https:\/\/raffix.is\/en\/wp-json\/wp\/v2\/product_brand?post=8387"},{"taxonomy":"product_cat","embeddable":true,"href":"https:\/\/raffix.is\/en\/wp-json\/wp\/v2\/product_cat?post=8387"},{"taxonomy":"product_tag","embeddable":true,"href":"https:\/\/raffix.is\/en\/wp-json\/wp\/v2\/product_tag?post=8387"}],"curies":[{"name":"wp","href":"https:\/\/api.w.org\/{rel}","templated":true}]}}