{"id":8388,"date":"2026-02-23T08:39:49","date_gmt":"2026-02-23T08:39:49","guid":{"rendered":"https:\/\/raffix.is\/?post_type=product&#038;p=8388"},"modified":"2026-03-01T20:19:42","modified_gmt":"2026-03-01T20:19:42","slug":"fif-spola-i-rofados-fyrir-ljos-on-off-16a","status":"publish","type":"product","link":"https:\/\/raffix.is\/en\/shop\/rafbunadur\/fif-spola-i-rofados-fyrir-ljos-on-off-16a\/","title":{"rendered":"FiF sp\u00f3la \u00ed rofad\u00f3s fyrir lj\u00f3s. ON\/OFF 16A"},"content":{"rendered":"<p><b>Functioning<\/b><br \/>\nThe receiver is followed by current pulse triggered by pressing any (bell) connected to the relay. Turning off the receiver will be the next pulse. The relay does not have a &#8220;memory&#8221; of the contact position, ie. in the case of power failure and the subsequent return, contact the relay will be set in the off. This prevents the automatic switching of loads without supervision after a prolonged power failure.<br \/>\n<img decoding=\"async\" src=\"https:\/\/www.fif.com.pl\/pub\/Image\/produkty\/003%20bistabilne\/FF%20BIS-402%20diagram.gif\" alt=\"\" width=\"349\" height=\"78\" \/><br \/>\n<b>Attention!<\/b><br \/>\nThe BIS-402 not compatible with bell pushes equipped with fluorescent lamps.\u00a0<img decoding=\"async\" src=\"https:\/\/www.fif.com.pl\/pub\/Image\/niepodswietlany.gif\" alt=\"\" width=\"51\" height=\"30\" align=\"middle\" \/><\/p>\n<p><b>Power table<br \/>\n<\/b><\/p>\n<p><img decoding=\"async\" src=\"https:\/\/www.fif.com.pl\/pub\/Image\/produkty\/tab%20mocy%2010A%20EN.gif\" alt=\"\" width=\"404\" height=\"51\" \/><br \/>\nThe above data are indicative and will depend to a large extent on the design of a specific receiver (especially for LED bulbs, energy saving lamps, electronic transformers and pulse power supplies), switching frequency and working conditions.<\/p>\n","protected":false},"excerpt":{"rendered":"<p>Electronic bistable impulse relay allows switching of lighting or other equipment from several different points of using the control buttons are connected in parallel.<br \/>\nPower supply 230 V AC.\u00a0Maximum load\u00a010 A.To under plaster box \u00d860.<\/p>\n","protected":false},"featured_media":8535,"template":"","meta":[],"product_brand":[],"product_cat":[84,80],"product_tag":[],"class_list":{"0":"post-8388","1":"product","2":"type-product","3":"status-publish","4":"has-post-thumbnail","6":"product_cat-rafbunadur","7":"product_cat-toflubunadur","9":"first","10":"instock","11":"shipping-taxable","12":"purchasable","13":"product-type-simple"},"aioseo_notices":[],"_links":{"self":[{"href":"https:\/\/raffix.is\/en\/wp-json\/wp\/v2\/product\/8388","targetHints":{"allow":["GET"]}}],"collection":[{"href":"https:\/\/raffix.is\/en\/wp-json\/wp\/v2\/product"}],"about":[{"href":"https:\/\/raffix.is\/en\/wp-json\/wp\/v2\/types\/product"}],"wp:featuredmedia":[{"embeddable":true,"href":"https:\/\/raffix.is\/en\/wp-json\/wp\/v2\/media\/8535"}],"wp:attachment":[{"href":"https:\/\/raffix.is\/en\/wp-json\/wp\/v2\/media?parent=8388"}],"wp:term":[{"taxonomy":"product_brand","embeddable":true,"href":"https:\/\/raffix.is\/en\/wp-json\/wp\/v2\/product_brand?post=8388"},{"taxonomy":"product_cat","embeddable":true,"href":"https:\/\/raffix.is\/en\/wp-json\/wp\/v2\/product_cat?post=8388"},{"taxonomy":"product_tag","embeddable":true,"href":"https:\/\/raffix.is\/en\/wp-json\/wp\/v2\/product_tag?post=8388"}],"curies":[{"name":"wp","href":"https:\/\/api.w.org\/{rel}","templated":true}]}}