{"id":8398,"date":"2026-02-23T09:48:26","date_gmt":"2026-02-23T09:48:26","guid":{"rendered":"https:\/\/raffix.is\/?post_type=product&#038;p=8398"},"modified":"2026-03-01T18:42:48","modified_gmt":"2026-03-01T18:42:48","slug":"fif-stjornu-delta-timalidastyring","status":"publish","type":"product","link":"https:\/\/raffix.is\/en\/shop\/toflubunadur\/fif-stjornu-delta-timalidastyring\/","title":{"rendered":"FiF Stj\u00f6rnu\/Delta t\u00edmali\u00f0ast\u00fdring."},"content":{"rendered":"<p>Functioning<br \/>\nThe PCG-417 relay is equipped with a special system of two electromagnetic relays which removes the risk of activating two connectors simultaneously, with each relay controlling a given connector. Once the system is switched from &#8220;star&#8221; to &#8220;delta&#8221;, one relay disconnects the &#8220;star&#8221; connector (a forced interval takes place). The other then activates the \u201cdelta\u201d connector.<br \/>\nAfter the power supply is turned on, the contact 7-9 is closed and remains in this position for the preset start-up time t1. After the lapse of t1, contact 7-9 opens and both contacts remain open for the time t2. After the lapse of t2, the contact 10-12 is closed and remains in this position until the power voltage is disconnected.<br \/>\n<img decoding=\"async\" src=\"https:\/\/www.fif.com.pl\/pub\/Image\/produkty\/012%20sterowniki%20czasowe\/PCG-417%20dia%20d%20ENG.gif\" alt=\"\" width=\"200\" height=\"76\" \/><br \/>\n<b>Setting the start time and the switch delay time<\/b><br \/>\nWheel of choice for the temporal T\u2194 set the selected time range (for the option to switch the t2 = 75msec to the left of the scale and for the option to switch the delay t2 = 100msec on the right hand scale). Knob to set the value of T\u00d7 on a scale of 1 to 10. A product of these values is equal to start time T1 (eg T1 = 1s \u00d7 7 = 7sec).<\/p>\n","protected":false},"excerpt":{"rendered":"<p>To control the &#8220;star&#8221;-&#8220;delta&#8221; contactor connection system.<\/p>\n","protected":false},"featured_media":8479,"template":"","meta":[],"product_brand":[],"product_cat":[80],"product_tag":[],"class_list":{"0":"post-8398","1":"product","2":"type-product","3":"status-publish","4":"has-post-thumbnail","6":"product_cat-toflubunadur","8":"first","9":"instock","10":"shipping-taxable","11":"purchasable","12":"product-type-simple"},"aioseo_notices":[],"_links":{"self":[{"href":"https:\/\/raffix.is\/en\/wp-json\/wp\/v2\/product\/8398","targetHints":{"allow":["GET"]}}],"collection":[{"href":"https:\/\/raffix.is\/en\/wp-json\/wp\/v2\/product"}],"about":[{"href":"https:\/\/raffix.is\/en\/wp-json\/wp\/v2\/types\/product"}],"wp:featuredmedia":[{"embeddable":true,"href":"https:\/\/raffix.is\/en\/wp-json\/wp\/v2\/media\/8479"}],"wp:attachment":[{"href":"https:\/\/raffix.is\/en\/wp-json\/wp\/v2\/media?parent=8398"}],"wp:term":[{"taxonomy":"product_brand","embeddable":true,"href":"https:\/\/raffix.is\/en\/wp-json\/wp\/v2\/product_brand?post=8398"},{"taxonomy":"product_cat","embeddable":true,"href":"https:\/\/raffix.is\/en\/wp-json\/wp\/v2\/product_cat?post=8398"},{"taxonomy":"product_tag","embeddable":true,"href":"https:\/\/raffix.is\/en\/wp-json\/wp\/v2\/product_tag?post=8398"}],"curies":[{"name":"wp","href":"https:\/\/api.w.org\/{rel}","templated":true}]}}