{"id":8405,"date":"2026-02-23T10:03:22","date_gmt":"2026-02-23T10:03:22","guid":{"rendered":"https:\/\/raffix.is\/?post_type=product&#038;p=8405"},"modified":"2026-03-01T18:53:12","modified_gmt":"2026-03-01T18:53:12","slug":"fif-timalidi-seinn-ut","status":"publish","type":"product","link":"https:\/\/raffix.is\/en\/shop\/toflubunadur\/fif-timalidi-seinn-ut\/","title":{"rendered":"FiF t\u00edmali\u00f0i seinn \u00fat"},"content":{"rendered":"<p><b>Functioning<\/b><br \/>\nUntil the relay is activated, the contact remains in the 11-10 position. After the power voltage is supplied, contact is shifted to position 11-12 and the countdown of the preset value t is commenced. After the preset time t has been counted down, contact returns to position 11-10. The working sequence of the relay may be repeated after turning the power supply off and on.<br \/>\n<img decoding=\"async\" src=\"https:\/\/www.fif.com.pl\/pub\/Image\/produkty\/011%20czasowe\/PCA%20dia.gif\" alt=\"\" width=\"150\" height=\"71\" \/><br \/>\n<b>Attention!<\/b><br \/>\n* Setting the time range knob regulator in the:<br \/>\nON &#8211; position with power supply activated results in the permanent closure of the contact in position 11-12.<br \/>\nOFF &#8211; position (power supply activated) causes the contact to be permanently closed in the 11-10 position.<br \/>\n* With the power supply on, the system does not respond to time range setting modifications.<br \/>\n* The newly set time range is active after the power supply has been turned off and on.<br \/>\n* With the power supply on, it is possible to regulate the preset time freely within the selected time range.<\/p>\n","protected":false},"excerpt":{"rendered":"<p>Operation mode: Lagged deactivation.<br \/>\nTiming relays are devised to time the control of industrial and domestic automatic control engineering systems (e.g. ventilation, heating, lighting, signalling, etc.).<\/p>\n","protected":false},"featured_media":8491,"template":"","meta":[],"product_brand":[],"product_cat":[80],"product_tag":[],"class_list":{"0":"post-8405","1":"product","2":"type-product","3":"status-publish","4":"has-post-thumbnail","6":"product_cat-toflubunadur","8":"first","9":"instock","10":"shipping-taxable","11":"purchasable","12":"product-type-variable","13":"has-default-attributes"},"aioseo_notices":[],"_links":{"self":[{"href":"https:\/\/raffix.is\/en\/wp-json\/wp\/v2\/product\/8405","targetHints":{"allow":["GET"]}}],"collection":[{"href":"https:\/\/raffix.is\/en\/wp-json\/wp\/v2\/product"}],"about":[{"href":"https:\/\/raffix.is\/en\/wp-json\/wp\/v2\/types\/product"}],"wp:featuredmedia":[{"embeddable":true,"href":"https:\/\/raffix.is\/en\/wp-json\/wp\/v2\/media\/8491"}],"wp:attachment":[{"href":"https:\/\/raffix.is\/en\/wp-json\/wp\/v2\/media?parent=8405"}],"wp:term":[{"taxonomy":"product_brand","embeddable":true,"href":"https:\/\/raffix.is\/en\/wp-json\/wp\/v2\/product_brand?post=8405"},{"taxonomy":"product_cat","embeddable":true,"href":"https:\/\/raffix.is\/en\/wp-json\/wp\/v2\/product_cat?post=8405"},{"taxonomy":"product_tag","embeddable":true,"href":"https:\/\/raffix.is\/en\/wp-json\/wp\/v2\/product_tag?post=8405"}],"curies":[{"name":"wp","href":"https:\/\/api.w.org\/{rel}","templated":true}]}}