{"id":8411,"date":"2026-02-23T12:09:30","date_gmt":"2026-02-23T12:09:30","guid":{"rendered":"https:\/\/raffix.is\/?post_type=product&#038;p=8411"},"modified":"2026-03-01T17:58:18","modified_gmt":"2026-03-01T17:58:18","slug":"fif-timalidi-margstillanlegur-tveir-timar-230v","status":"publish","type":"product","link":"https:\/\/raffix.is\/en\/shop\/toflubunadur\/fif-timalidi-margstillanlegur-tveir-timar-230v\/","title":{"rendered":"FiF t\u00edmali\u00f0i margstillanlegur tveir t\u00edmar 230V."},"content":{"rendered":"<p><b>Functioning<\/b><br \/>\nOperation mode:<br \/>\n*LAGGED ACTIVATION (IR)<br \/>\nUntil the relay is activated, the contact remains in the 1-5 and 2-8 position. After the power voltage is supplied (the green \u201cU\u201d LED lights up), the contact is shifted to 1-6 and 2-7 position and the countdown of the preset value t is commenced (the red LED lights up). After the preset time t has been counted down, the contact returns to position 1-5 and 2-8. The working sequence of the relay may be repeated after turning the power supply off and on.<br \/>\n*LAGGED DEACTIVATION (IA)<br \/>\nUntil the relay is activated, the contact remains in the 1-5 and 2-8 position. After the power voltage is supplied (the green \u201cU\u201d LED lights up), the contact is shifted to position 1-6 and 2-7 and the countdown of the preset value t is commenced (the red LED lights up). The working sequence of the relay may be repeated after turning the power voltage off and on.<br \/>\n*LAGGED ACTIVATION &#8211; CYCLIC (CR)<br \/>\nThe LA operational mode is triggered in equal interruption\/work cycles according to preset time values.<br \/>\n*LAGGED DEACTIVATION &#8211; CYCLIC (CA)<br \/>\nThe LD operational mode is triggered in equal interruption\/work cycles according to preset time values.<br \/>\n<img decoding=\"async\" src=\"https:\/\/www.fif.com.pl\/pub\/Image\/produkty\/011%20czasowe\/PCU-520%20dia%20ENG.gif\" alt=\"\" width=\"200\" height=\"159\" \/><br \/>\n<b>Attention!<\/b><br \/>\n*Setting the time range knob regulator in the:<br \/>\nON &#8211; position with power supply activated results in the permanent closure of the contact in position 1-6\u00a0 and 2-7.<br \/>\nOFF &#8211; position (power supply activated) causes the contact to be permanently closed in the 1-5 and 2-7 position.<br \/>\n*With the power supply on, the system does not respond to time range setting modifications.<br \/>\n*The newly set time range is active after the power supply has been turned off and on.<br \/>\n*With the power supply on, it is possible to regulate the preset time freely within the selected time range.<\/p>\n","protected":false},"excerpt":{"rendered":"<p>Timing relays are devised to time the control of industrial and domestic automatic control engineering systems (e.g. ventilation, heating, lighting, signalling, etc.).<br \/>\nSetting of two independent time values t1 and t2 (work time and interruption time).<\/p>\n","protected":false},"featured_media":8461,"template":"","meta":[],"product_brand":[],"product_cat":[80],"product_tag":[],"class_list":{"0":"post-8411","1":"product","2":"type-product","3":"status-publish","4":"has-post-thumbnail","6":"product_cat-toflubunadur","8":"first","9":"instock","10":"shipping-taxable","11":"purchasable","12":"product-type-simple"},"aioseo_notices":[],"_links":{"self":[{"href":"https:\/\/raffix.is\/en\/wp-json\/wp\/v2\/product\/8411","targetHints":{"allow":["GET"]}}],"collection":[{"href":"https:\/\/raffix.is\/en\/wp-json\/wp\/v2\/product"}],"about":[{"href":"https:\/\/raffix.is\/en\/wp-json\/wp\/v2\/types\/product"}],"wp:featuredmedia":[{"embeddable":true,"href":"https:\/\/raffix.is\/en\/wp-json\/wp\/v2\/media\/8461"}],"wp:attachment":[{"href":"https:\/\/raffix.is\/en\/wp-json\/wp\/v2\/media?parent=8411"}],"wp:term":[{"taxonomy":"product_brand","embeddable":true,"href":"https:\/\/raffix.is\/en\/wp-json\/wp\/v2\/product_brand?post=8411"},{"taxonomy":"product_cat","embeddable":true,"href":"https:\/\/raffix.is\/en\/wp-json\/wp\/v2\/product_cat?post=8411"},{"taxonomy":"product_tag","embeddable":true,"href":"https:\/\/raffix.is\/en\/wp-json\/wp\/v2\/product_tag?post=8411"}],"curies":[{"name":"wp","href":"https:\/\/api.w.org\/{rel}","templated":true}]}}