{"id":8412,"date":"2026-02-23T12:16:05","date_gmt":"2026-02-23T12:16:05","guid":{"rendered":"https:\/\/raffix.is\/?post_type=product&#038;p=8412"},"modified":"2026-03-01T18:05:44","modified_gmt":"2026-03-01T18:05:44","slug":"fif-timalidi-stillanlegur-tveir-sjalfstaedir-timar-230v","status":"publish","type":"product","link":"https:\/\/raffix.is\/en\/shop\/toflubunadur\/fif-timalidi-stillanlegur-tveir-sjalfstaedir-timar-230v\/","title":{"rendered":"FiF t\u00edmali\u00f0i stillanlegur tveir sj\u00e1lfst\u00e6\u00f0ir t\u00edmar 230V."},"content":{"rendered":"<p><b>Functioning<\/b><br \/>\nFunctions:<br \/>\n* DELAYED OFF &#8211; CYCLIC<br \/>\nUntil the relay is switched on, the contacts remain in positions 2-3 and 11-10. After applying the supply voltage, the contacts are switched to positions 2-1 and 11-12 for time t1. After measuring the time t1, the contacts return to positions 2-3 and 11-10 for the time t2. The sequence of these switching is carried out cyclically.<br \/>\n* DELAYED ANNOUNCEMENT &#8211; CYCLIC<br \/>\nAfter applying the supply voltage, the contacts remain in position 2-3 and 11-10 for time t1. After measuring the time t1, the contacts are switched to positions 2-1 and 11-12 for the time t2. After time t2, relay contacts return to positions 2-3 and 11-10. The sequence of these switching is carried out cyclically.<br \/>\n<img decoding=\"async\" src=\"https:\/\/www.fif.com.pl\/pub\/Image\/produkty\/011%20czasowe\/PCU-507%20dia.gif\" alt=\"\" width=\"200\" height=\"105\" \/><br \/>\n<b>Attention!<\/b><br \/>\n* When the power is turned on, the system does not react to changing the time range settings.<br \/>\n* Work with the newly set time range occurs after switching off and restarting the power supply.<br \/>\n* With the power supply switched on within the set time range, it is possible to smoothly adjust the time in the range of the time setting value.<\/p>\n","protected":false},"excerpt":{"rendered":"<p>Timing relays are devised to time the control of industrial and domestic automatic control engineering systems (e.g. ventilation, heating, lighting, signalling, etc.).<br \/>\nSetting of two independent time values t1 and t2 (work time and interruption time).<\/p>\n","protected":false},"featured_media":8462,"template":"","meta":[],"product_brand":[],"product_cat":[80],"product_tag":[],"class_list":{"0":"post-8412","1":"product","2":"type-product","3":"status-publish","4":"has-post-thumbnail","6":"product_cat-toflubunadur","8":"first","9":"instock","10":"shipping-taxable","11":"purchasable","12":"product-type-simple"},"aioseo_notices":[],"_links":{"self":[{"href":"https:\/\/raffix.is\/en\/wp-json\/wp\/v2\/product\/8412","targetHints":{"allow":["GET"]}}],"collection":[{"href":"https:\/\/raffix.is\/en\/wp-json\/wp\/v2\/product"}],"about":[{"href":"https:\/\/raffix.is\/en\/wp-json\/wp\/v2\/types\/product"}],"wp:featuredmedia":[{"embeddable":true,"href":"https:\/\/raffix.is\/en\/wp-json\/wp\/v2\/media\/8462"}],"wp:attachment":[{"href":"https:\/\/raffix.is\/en\/wp-json\/wp\/v2\/media?parent=8412"}],"wp:term":[{"taxonomy":"product_brand","embeddable":true,"href":"https:\/\/raffix.is\/en\/wp-json\/wp\/v2\/product_brand?post=8412"},{"taxonomy":"product_cat","embeddable":true,"href":"https:\/\/raffix.is\/en\/wp-json\/wp\/v2\/product_cat?post=8412"},{"taxonomy":"product_tag","embeddable":true,"href":"https:\/\/raffix.is\/en\/wp-json\/wp\/v2\/product_tag?post=8412"}],"curies":[{"name":"wp","href":"https:\/\/api.w.org\/{rel}","templated":true}]}}