{"id":8413,"date":"2026-02-23T12:18:34","date_gmt":"2026-02-23T12:18:34","guid":{"rendered":"https:\/\/raffix.is\/?post_type=product&#038;p=8413"},"modified":"2026-03-01T18:08:45","modified_gmt":"2026-03-01T18:08:45","slug":"fif-timalidi-med-seinkudum-pulsum-230v","status":"publish","type":"product","link":"https:\/\/raffix.is\/en\/shop\/toflubunadur\/fif-timalidi-med-seinkudum-pulsum-230v\/","title":{"rendered":"FiF t\u00edmali\u00f0i me\u00f0 seinku\u00f0um p\u00falsum 230V."},"content":{"rendered":"<p>Functioning<br \/>\nThe application of control voltage S to the relay causes its activation and the resulting supply of voltage R to the controlled receiver. After decay of the control voltage, the operation of the receiving device is kept for the support time t (preset with the potentiometer). After the t time has been counted down, the controlled receiver is turned off automatically. If control voltage S is re-supplied before the lapse of the preset time, the relay will repeat its operational sequence.<\/p>\n<p><img decoding=\"async\" src=\"https:\/\/www.fif.com.pl\/pub\/Image\/produkty\/011%20czasowe\/PO%20dia%20d.gif\" alt=\"\" width=\"200\" height=\"75\" \/><\/p>\n","protected":false},"excerpt":{"rendered":"<p>Lagged-pulse time relays are devised to support the power supply of the controlled receiver for a specified period of time after decay of the control voltage, e.g. in bathroom ventilation systems in which the upkeep of the fan operation (activated along with the lighting) is required for a specified period of time after turning off the accompanying lighting.<\/p>\n","protected":false},"featured_media":8466,"template":"","meta":[],"product_brand":[],"product_cat":[80],"product_tag":[],"class_list":{"0":"post-8413","1":"product","2":"type-product","3":"status-publish","4":"has-post-thumbnail","6":"product_cat-toflubunadur","8":"first","9":"instock","10":"shipping-taxable","11":"purchasable","12":"product-type-simple"},"aioseo_notices":[],"_links":{"self":[{"href":"https:\/\/raffix.is\/en\/wp-json\/wp\/v2\/product\/8413","targetHints":{"allow":["GET"]}}],"collection":[{"href":"https:\/\/raffix.is\/en\/wp-json\/wp\/v2\/product"}],"about":[{"href":"https:\/\/raffix.is\/en\/wp-json\/wp\/v2\/types\/product"}],"wp:featuredmedia":[{"embeddable":true,"href":"https:\/\/raffix.is\/en\/wp-json\/wp\/v2\/media\/8466"}],"wp:attachment":[{"href":"https:\/\/raffix.is\/en\/wp-json\/wp\/v2\/media?parent=8413"}],"wp:term":[{"taxonomy":"product_brand","embeddable":true,"href":"https:\/\/raffix.is\/en\/wp-json\/wp\/v2\/product_brand?post=8413"},{"taxonomy":"product_cat","embeddable":true,"href":"https:\/\/raffix.is\/en\/wp-json\/wp\/v2\/product_cat?post=8413"},{"taxonomy":"product_tag","embeddable":true,"href":"https:\/\/raffix.is\/en\/wp-json\/wp\/v2\/product_tag?post=8413"}],"curies":[{"name":"wp","href":"https:\/\/api.w.org\/{rel}","templated":true}]}}