{"id":8415,"date":"2026-02-23T12:22:47","date_gmt":"2026-02-23T12:22:47","guid":{"rendered":"https:\/\/raffix.is\/?post_type=product&#038;p=8415"},"modified":"2026-03-01T18:17:20","modified_gmt":"2026-03-01T18:17:20","slug":"fif-vokvaskynjari-toflulidi-3x8a-pz-831-rc","status":"publish","type":"product","link":"https:\/\/raffix.is\/en\/shop\/toflubunadur\/fif-vokvaskynjari-toflulidi-3x8a-pz-831-rc\/","title":{"rendered":"FiF V\u00f6kvaskynjari &#8211; t\u00f6fluli\u00f0i 3x8A PZ-831 RC"},"content":{"rendered":"<p><img decoding=\"async\" src=\"https:\/\/www.fif.com.pl\/pub\/Image\/produkty\/023%20poziomu%20cieczy\/PZ-831%20ogo.gif\" alt=\"\" width=\"250\" height=\"129\" \/><br \/>\nFunctioning<br \/>\nIn dry condition (all probes open), all the transformer&#8217;s contacts are also open. If the base probe COM and the next level probe are closed due to a liquid presence, the contact for a given probe will close, e.g. once the first R1 level probe (the COM base probe and the R1 level probe closed) is submerged, the 11-12 contact will close. The same procedure applies to the R2 and R3 level probes. On the other hand, once the liquid level drops below the probe level (the COM probe and the level probe open), the contact for a given probe will open as well.<br \/>\n<b>How to connect the probes<\/b><br \/>\nThe electrode probe is connected by means of a cable with wire diameter up to 1 mm and maximum length of 100 m.<br \/>\n<b>Attention!<br \/>\n<\/b>Output 3-4-5-6 galvanic separated.<\/p>\n","protected":false},"excerpt":{"rendered":"<p>Three-position. Adjustable sensitivity.<br \/>\nPZ-831 fluid level control relays is devised to detect the presence of conductive liquids reaching the levels of the sensor.<\/p>\n","protected":false},"featured_media":8475,"template":"","meta":[],"product_brand":[],"product_cat":[80],"product_tag":[],"class_list":{"0":"post-8415","1":"product","2":"type-product","3":"status-publish","4":"has-post-thumbnail","6":"product_cat-toflubunadur","8":"first","9":"instock","10":"shipping-taxable","11":"purchasable","12":"product-type-simple"},"aioseo_notices":[],"_links":{"self":[{"href":"https:\/\/raffix.is\/en\/wp-json\/wp\/v2\/product\/8415","targetHints":{"allow":["GET"]}}],"collection":[{"href":"https:\/\/raffix.is\/en\/wp-json\/wp\/v2\/product"}],"about":[{"href":"https:\/\/raffix.is\/en\/wp-json\/wp\/v2\/types\/product"}],"wp:featuredmedia":[{"embeddable":true,"href":"https:\/\/raffix.is\/en\/wp-json\/wp\/v2\/media\/8475"}],"wp:attachment":[{"href":"https:\/\/raffix.is\/en\/wp-json\/wp\/v2\/media?parent=8415"}],"wp:term":[{"taxonomy":"product_brand","embeddable":true,"href":"https:\/\/raffix.is\/en\/wp-json\/wp\/v2\/product_brand?post=8415"},{"taxonomy":"product_cat","embeddable":true,"href":"https:\/\/raffix.is\/en\/wp-json\/wp\/v2\/product_cat?post=8415"},{"taxonomy":"product_tag","embeddable":true,"href":"https:\/\/raffix.is\/en\/wp-json\/wp\/v2\/product_tag?post=8415"}],"curies":[{"name":"wp","href":"https:\/\/api.w.org\/{rel}","templated":true}]}}