{"id":8420,"date":"2026-02-23T13:13:43","date_gmt":"2026-02-23T13:13:43","guid":{"rendered":"https:\/\/raffix.is\/?post_type=product&#038;p=8420"},"modified":"2026-03-02T11:55:49","modified_gmt":"2026-03-02T11:55:49","slug":"fif-wifi-maelastod-3-fasa-100a","status":"publish","type":"product","link":"https:\/\/raffix.is\/en\/shop\/toflubunadur\/maelastodvar\/fif-wifi-maelastod-3-fasa-100a\/","title":{"rendered":"FiF Wifi M\u00e6last\u00f6\u00f0 3 fasa 100A"},"content":{"rendered":"<p><strong>ENERGY 3\u00a0allows you to record electricity consumption and monitor important network parameters &#8211; voltage, current, power, energy consumption. Access to the data is possible directly from the application or via a web browser.<\/strong><\/p>\n<div class=\"row\">\n<div class=\"col-lg-3\"><\/div>\n<div class=\"col-lg-2\"><img decoding=\"async\" src=\"https:\/\/www.fif.com.pl\/img\/cms\/schematy\/fox\/fox-aplikacja-mobilna.png\" alt=\"Ikony funkcje systemu FOX\" width=\"101\" height=\"100\" \/><br \/>\nAccess to data using the application or via a web browser<\/div>\n<div class=\"col-lg-2\"><img decoding=\"async\" src=\"https:\/\/www.fif.com.pl\/img\/cms\/schematy\/fox\/fox-wifi.png\" alt=\"Ikony funkcje systemu FOX\" width=\"100\" height=\"100\" \/><br \/>\nRemote access via Wi-Fi and F&amp;F Cloud<\/div>\n<div class=\"col-lg-2\"><img decoding=\"async\" src=\"https:\/\/www.fif.com.pl\/img\/cms\/schematy\/fox\/parametry-sieci.png\" alt=\"Ikony funkcje systemu FOX\" width=\"100\" height=\"100\" \/><br \/>\nMonitoring of electrical network parameters<\/div>\n<\/div>\n<p><b><br \/>\n<\/b><strong>Application<\/strong><\/p>\n<ul>\n<li>Monitoring of energy consumption in domestic installations;<\/li>\n<li>Ongoing measurement of power consumption and values of currents and voltages;<\/li>\n<li>Use of recorded measurements to detect exceedances in voltage levels or power consumption;<\/li>\n<li>Controlling energy production in photovoltaic installations;<\/li>\n<li>Metering of heat pumps.<\/li>\n<\/ul>\n<div><img loading=\"lazy\" decoding=\"async\" src=\"https:\/\/www.fif.com.pl\/img\/cms\/schematy\/fox\/energy3-produkt-www.jpg\" alt=\"Energy 3 - monitor parametr\u00f3w sieci elektrycznej\" width=\"923\" height=\"458\" \/><\/div>\n<p><b><br \/>\nProperties<\/b><\/p>\n<ul>\n<li>3-phase, 2-way, 4-quadrant electricity consumption monitor, perfect for monitoring photovoltaic installations, among other things;<\/li>\n<li>Monitoring of all relevant electrical network parameters;<\/li>\n<li>Recording of average, minimum and maximum values;<\/li>\n<li>Non-invasive installation using miniature (26\u00d726\u00d740 mm) current transformers;<\/li>\n<li>Measuring range up to 400 A, suitable for domestic installations;<\/li>\n<li>High measurement accuracy;<\/li>\n<li>Access to measurement history via app or web browser;<\/li>\n<li>Communication via home Wi-Fi network and remote access via the F&amp;F Polish cloud;<\/li>\n<li>Free mobile apps for Android and iOS;<\/li>\n<li>Fully Polish solution focused on security and user privacy;<\/li>\n<li>No hidden running costs and guaranteed long-term product support;<\/li>\n<li>Mounting in a distribution box (DIN rail);<\/li>\n<li>Including 3 current transformers and an antenna.<\/li>\n<\/ul>\n<p><strong>Miniature, open-ended current transformers are supplied with the unit. No interference with the current leads is required to clip them onto the measured leads, but special attention must be paid to the way the lead is passed through the transformer and to the connection of the secondary side of the transformer to the device.<\/strong><\/p>\n<p>&nbsp;<\/p>\n<p><img loading=\"lazy\" decoding=\"async\" src=\"https:\/\/www.fif.com.pl\/img\/cms\/schematy\/fox\/Fox%20Energy%203-przekladniki2_pl.jpg\" alt=\"Przek\u0142adnik do Energy 3\" width=\"234\" height=\"239\" \/><br \/>\n<em>Miniature current transformer to be fastened on the measured conductors.<\/em><\/p>\n","protected":false},"excerpt":{"rendered":"<p>3-phase, 2-way, 4-quadrant electricity consumption monitor.<br \/>\nPerfect for monitoring photovoltaic installations, among other things<\/p>\n","protected":false},"featured_media":8668,"template":"","meta":[],"product_brand":[],"product_cat":[95],"product_tag":[],"class_list":{"0":"post-8420","1":"product","2":"type-product","3":"status-publish","4":"has-post-thumbnail","6":"product_cat-maelastodvar","8":"first","9":"instock","10":"shipping-taxable","11":"purchasable","12":"product-type-simple"},"aioseo_notices":[],"_links":{"self":[{"href":"https:\/\/raffix.is\/en\/wp-json\/wp\/v2\/product\/8420","targetHints":{"allow":["GET"]}}],"collection":[{"href":"https:\/\/raffix.is\/en\/wp-json\/wp\/v2\/product"}],"about":[{"href":"https:\/\/raffix.is\/en\/wp-json\/wp\/v2\/types\/product"}],"wp:featuredmedia":[{"embeddable":true,"href":"https:\/\/raffix.is\/en\/wp-json\/wp\/v2\/media\/8668"}],"wp:attachment":[{"href":"https:\/\/raffix.is\/en\/wp-json\/wp\/v2\/media?parent=8420"}],"wp:term":[{"taxonomy":"product_brand","embeddable":true,"href":"https:\/\/raffix.is\/en\/wp-json\/wp\/v2\/product_brand?post=8420"},{"taxonomy":"product_cat","embeddable":true,"href":"https:\/\/raffix.is\/en\/wp-json\/wp\/v2\/product_cat?post=8420"},{"taxonomy":"product_tag","embeddable":true,"href":"https:\/\/raffix.is\/en\/wp-json\/wp\/v2\/product_tag?post=8420"}],"curies":[{"name":"wp","href":"https:\/\/api.w.org\/{rel}","templated":true}]}}